{"id":175,"date":"2023-01-19T15:38:05","date_gmt":"2023-01-19T15:38:05","guid":{"rendered":"https:\/\/mmpatunisie.com\/?page_id=175"},"modified":"2023-02-13T20:41:55","modified_gmt":"2023-02-13T20:41:55","slug":"centre-dusinage-hass-vm3","status":"publish","type":"page","link":"https:\/\/mmpatunisie.com\/index.php\/centre-dusinage-hass-vm3\/","title":{"rendered":"Centre d&rsquo;usinage HASS VM3"},"content":{"rendered":"\n<p class=\"has-large-font-size\"><strong>Centre d&rsquo;usinage HASS VM3<\/strong><\/p>\n\n\n<div class=\"wp-block-image\">\n<figure class=\"aligncenter size-full is-resized\"><img loading=\"lazy\" decoding=\"async\" src=\"http:\/\/mmpatunisie.com\/wp-content\/uploads\/2022\/04\/HASS-VM3-1.png\" alt=\"\" class=\"wp-image-115\" width=\"500\" height=\"375\" srcset=\"https:\/\/mmpatunisie.com\/wp-content\/uploads\/2022\/04\/HASS-VM3-1.png 500w, https:\/\/mmpatunisie.com\/wp-content\/uploads\/2022\/04\/HASS-VM3-1-300x225.png 300w\" sizes=\"auto, (max-width: 500px) 100vw, 500px\" \/><figcaption class=\"wp-element-caption\">Centre d&rsquo;usinage HASS VM3<\/figcaption><\/figure>\n<\/div>\n\n\n<p class=\"has-medium-font-size\">Les machines Haas de s\u00e9rie VM sont des CUV hautes performances qui offrent la pr\u00e9cision, la rigidit\u00e9 et la stabilit\u00e9 thermique requises pour la fabrication de moules, la r\u00e9alisation d\u2019outils et matrices et les t\u00e2ches inh\u00e9rentes \u00e0 d\u2019autres industries de haute pr\u00e9cision. Chaque machine dispose d\u2019un cube \u00e0 usiner g\u00e9n\u00e9reux, d\u2019une table multi-fonctions et d\u2019une broche \u00e0 entra\u00eenement direct en ligne 12&nbsp;000 rpm. Les fonctions standard incluent la commande de vitesse \u00e9lev\u00e9e Haas \u00e0 lecture anticip\u00e9e des blocs compl\u00e8te, avec changeur d\u2019outils lat\u00e9ral, une buse d\u2019arrosage programmable, un pistolet automatique \u00e0 air comprim\u00e9, et plus encore.&nbsp;<\/p>\n\n\n\n<ul class=\"wp-block-list\">\n<li>Broche \u00e0 entra\u00eenement direct en ligne<\/li>\n\n\n\n<li>Changeurs d\u2019outils lat\u00e9ral<\/li>\n\n\n\n<li>Table multi-fonctions<\/li>\n\n\n\n<li>Logiciel d\u2019usinage \u00e0 grande vitesse<\/li>\n\n\n\n<li>Fabriqu\u00e9 aux \u00c9tats-Unis<\/li>\n<\/ul>\n\n\n\n<p><strong>Caract\u00e9ristiques techniques<\/strong><\/p>\n\n\n\n<figure class=\"wp-block-table\"><table><tbody><tr><td><strong>Ann\u00e9e de fabrication<\/strong><\/td><td>03\/2016<\/td><\/tr><tr><td><strong>Nombre d&rsquo;axe<\/strong><\/td><td>3<\/td><\/tr><tr><td><strong>Commande num\u00e9rique<\/strong><\/td><td>HAAS<\/td><\/tr><tr><td><strong>Vitesse de rotation<\/strong><\/td><td>12 000 TRS\/MIN<\/td><\/tr><tr><td><strong>Puissance de broche<\/strong><\/td><td>22 KW<\/td><\/tr><tr><td><strong>Courses X Y Z<\/strong><\/td><td>1016 x 660 x 635 mm<\/td><\/tr><tr><td><strong>Changeur d&rsquo;outils<\/strong><\/td><td>40 Outils Random<\/td><\/tr><tr><td><strong>Convoyeur de copeaux<\/strong><\/td><td>\u00e0 Bande<\/td><\/tr><tr><td><strong>Options<\/strong><\/td><td>Arrosage centre outil 20 bars et Palpeur Renishaw<\/td><\/tr><\/tbody><\/table><\/figure>\n","protected":false},"excerpt":{"rendered":"<p>Centre d&rsquo;usinage HASS VM3 Les machines Haas de s\u00e9rie VM sont des CUV hautes performances qui offrent la pr\u00e9cision, la rigidit\u00e9 et la stabilit\u00e9 thermique requises pour la fabrication de moules, la r\u00e9alisation d\u2019outils et matrices et les t\u00e2ches inh\u00e9rentes \u00e0 d\u2019autres industries de haute pr\u00e9cision. Chaque machine dispose d\u2019un cube \u00e0 usiner g\u00e9n\u00e9reux, d\u2019une [&hellip;]<\/p>\n","protected":false},"author":1,"featured_media":0,"parent":0,"menu_order":0,"comment_status":"closed","ping_status":"closed","template":"templates\/template-page-full-width.php","meta":{"_uag_custom_page_level_css":"","_monsterinsights_skip_tracking":false,"_monsterinsights_sitenote_active":false,"_monsterinsights_sitenote_note":"","_monsterinsights_sitenote_category":0,"ngg_post_thumbnail":0,"footnotes":""},"class_list":["post-175","page","type-page","status-publish","hentry"],"yoast_head":"<!-- This site is optimized with the Yoast SEO plugin v26.6 - https:\/\/yoast.com\/wordpress\/plugins\/seo\/ -->\n<title>Centre d&#039;usinage HASS VM3 - MMPA<\/title>\n<meta name=\"robots\" content=\"index, follow, max-snippet:-1, max-image-preview:large, max-video-preview:-1\" \/>\n<link rel=\"canonical\" href=\"https:\/\/mmpatunisie.com\/index.php\/centre-dusinage-hass-vm3\/\" \/>\n<meta property=\"og:locale\" content=\"fr_FR\" \/>\n<meta property=\"og:type\" content=\"article\" \/>\n<meta property=\"og:title\" content=\"Centre d&#039;usinage HASS VM3 - MMPA\" \/>\n<meta property=\"og:description\" content=\"Centre d&rsquo;usinage HASS VM3 Les machines Haas de s\u00e9rie VM sont des CUV hautes performances qui offrent la pr\u00e9cision, la rigidit\u00e9 et la stabilit\u00e9 thermique requises pour la fabrication de moules, la r\u00e9alisation d\u2019outils et matrices et les t\u00e2ches inh\u00e9rentes \u00e0 d\u2019autres industries de haute pr\u00e9cision. Chaque machine dispose d\u2019un cube \u00e0 usiner g\u00e9n\u00e9reux, d\u2019une [&hellip;]\" \/>\n<meta property=\"og:url\" content=\"https:\/\/mmpatunisie.com\/index.php\/centre-dusinage-hass-vm3\/\" \/>\n<meta property=\"og:site_name\" content=\"MMPA\" \/>\n<meta property=\"article:modified_time\" content=\"2023-02-13T20:41:55+00:00\" \/>\n<meta property=\"og:image\" content=\"http:\/\/mmpatunisie.com\/wp-content\/uploads\/2022\/04\/HASS-VM3-1.png\" \/>\n<meta name=\"twitter:card\" content=\"summary_large_image\" \/>\n<meta name=\"twitter:label1\" content=\"Dur\u00e9e de lecture estim\u00e9e\" \/>\n\t<meta name=\"twitter:data1\" content=\"2 minutes\" \/>\n<script type=\"application\/ld+json\" class=\"yoast-schema-graph\">{\"@context\":\"https:\/\/schema.org\",\"@graph\":[{\"@type\":\"WebPage\",\"@id\":\"https:\/\/mmpatunisie.com\/index.php\/centre-dusinage-hass-vm3\/\",\"url\":\"https:\/\/mmpatunisie.com\/index.php\/centre-dusinage-hass-vm3\/\",\"name\":\"Centre d'usinage HASS VM3 - MMPA\",\"isPartOf\":{\"@id\":\"https:\/\/mmpatunisie.com\/#website\"},\"primaryImageOfPage\":{\"@id\":\"https:\/\/mmpatunisie.com\/index.php\/centre-dusinage-hass-vm3\/#primaryimage\"},\"image\":{\"@id\":\"https:\/\/mmpatunisie.com\/index.php\/centre-dusinage-hass-vm3\/#primaryimage\"},\"thumbnailUrl\":\"http:\/\/mmpatunisie.com\/wp-content\/uploads\/2022\/04\/HASS-VM3-1.png\",\"datePublished\":\"2023-01-19T15:38:05+00:00\",\"dateModified\":\"2023-02-13T20:41:55+00:00\",\"breadcrumb\":{\"@id\":\"https:\/\/mmpatunisie.com\/index.php\/centre-dusinage-hass-vm3\/#breadcrumb\"},\"inLanguage\":\"fr-FR\",\"potentialAction\":[{\"@type\":\"ReadAction\",\"target\":[\"https:\/\/mmpatunisie.com\/index.php\/centre-dusinage-hass-vm3\/\"]}]},{\"@type\":\"ImageObject\",\"inLanguage\":\"fr-FR\",\"@id\":\"https:\/\/mmpatunisie.com\/index.php\/centre-dusinage-hass-vm3\/#primaryimage\",\"url\":\"https:\/\/mmpatunisie.com\/wp-content\/uploads\/2022\/04\/HASS-VM3-1.png\",\"contentUrl\":\"https:\/\/mmpatunisie.com\/wp-content\/uploads\/2022\/04\/HASS-VM3-1.png\",\"width\":500,\"height\":375},{\"@type\":\"BreadcrumbList\",\"@id\":\"https:\/\/mmpatunisie.com\/index.php\/centre-dusinage-hass-vm3\/#breadcrumb\",\"itemListElement\":[{\"@type\":\"ListItem\",\"position\":1,\"name\":\"Accueil\",\"item\":\"https:\/\/mmpatunisie.com\/\"},{\"@type\":\"ListItem\",\"position\":2,\"name\":\"Centre d&rsquo;usinage HASS VM3\"}]},{\"@type\":\"WebSite\",\"@id\":\"https:\/\/mmpatunisie.com\/#website\",\"url\":\"https:\/\/mmpatunisie.com\/\",\"name\":\"MMPA\",\"description\":\"MOULE ET MECANIQUE DE PRECISION ASSOCIES\",\"publisher\":{\"@id\":\"https:\/\/mmpatunisie.com\/#organization\"},\"potentialAction\":[{\"@type\":\"SearchAction\",\"target\":{\"@type\":\"EntryPoint\",\"urlTemplate\":\"https:\/\/mmpatunisie.com\/?s={search_term_string}\"},\"query-input\":{\"@type\":\"PropertyValueSpecification\",\"valueRequired\":true,\"valueName\":\"search_term_string\"}}],\"inLanguage\":\"fr-FR\"},{\"@type\":\"Organization\",\"@id\":\"https:\/\/mmpatunisie.com\/#organization\",\"name\":\"MMPA\",\"url\":\"https:\/\/mmpatunisie.com\/\",\"logo\":{\"@type\":\"ImageObject\",\"inLanguage\":\"fr-FR\",\"@id\":\"https:\/\/mmpatunisie.com\/#\/schema\/logo\/image\/\",\"url\":\"https:\/\/mmpatunisie.com\/wp-content\/uploads\/2022\/02\/logo.png\",\"contentUrl\":\"https:\/\/mmpatunisie.com\/wp-content\/uploads\/2022\/02\/logo.png\",\"width\":611,\"height\":263,\"caption\":\"MMPA\"},\"image\":{\"@id\":\"https:\/\/mmpatunisie.com\/#\/schema\/logo\/image\/\"}}]}<\/script>\n<!-- \/ Yoast SEO plugin. -->","yoast_head_json":{"title":"Centre d'usinage HASS VM3 - MMPA","robots":{"index":"index","follow":"follow","max-snippet":"max-snippet:-1","max-image-preview":"max-image-preview:large","max-video-preview":"max-video-preview:-1"},"canonical":"https:\/\/mmpatunisie.com\/index.php\/centre-dusinage-hass-vm3\/","og_locale":"fr_FR","og_type":"article","og_title":"Centre d'usinage HASS VM3 - MMPA","og_description":"Centre d&rsquo;usinage HASS VM3 Les machines Haas de s\u00e9rie VM sont des CUV hautes performances qui offrent la pr\u00e9cision, la rigidit\u00e9 et la stabilit\u00e9 thermique requises pour la fabrication de moules, la r\u00e9alisation d\u2019outils et matrices et les t\u00e2ches inh\u00e9rentes \u00e0 d\u2019autres industries de haute pr\u00e9cision. Chaque machine dispose d\u2019un cube \u00e0 usiner g\u00e9n\u00e9reux, d\u2019une [&hellip;]","og_url":"https:\/\/mmpatunisie.com\/index.php\/centre-dusinage-hass-vm3\/","og_site_name":"MMPA","article_modified_time":"2023-02-13T20:41:55+00:00","og_image":[{"url":"http:\/\/mmpatunisie.com\/wp-content\/uploads\/2022\/04\/HASS-VM3-1.png","type":"","width":"","height":""}],"twitter_card":"summary_large_image","twitter_misc":{"Dur\u00e9e de lecture estim\u00e9e":"2 minutes"},"schema":{"@context":"https:\/\/schema.org","@graph":[{"@type":"WebPage","@id":"https:\/\/mmpatunisie.com\/index.php\/centre-dusinage-hass-vm3\/","url":"https:\/\/mmpatunisie.com\/index.php\/centre-dusinage-hass-vm3\/","name":"Centre d'usinage HASS VM3 - MMPA","isPartOf":{"@id":"https:\/\/mmpatunisie.com\/#website"},"primaryImageOfPage":{"@id":"https:\/\/mmpatunisie.com\/index.php\/centre-dusinage-hass-vm3\/#primaryimage"},"image":{"@id":"https:\/\/mmpatunisie.com\/index.php\/centre-dusinage-hass-vm3\/#primaryimage"},"thumbnailUrl":"http:\/\/mmpatunisie.com\/wp-content\/uploads\/2022\/04\/HASS-VM3-1.png","datePublished":"2023-01-19T15:38:05+00:00","dateModified":"2023-02-13T20:41:55+00:00","breadcrumb":{"@id":"https:\/\/mmpatunisie.com\/index.php\/centre-dusinage-hass-vm3\/#breadcrumb"},"inLanguage":"fr-FR","potentialAction":[{"@type":"ReadAction","target":["https:\/\/mmpatunisie.com\/index.php\/centre-dusinage-hass-vm3\/"]}]},{"@type":"ImageObject","inLanguage":"fr-FR","@id":"https:\/\/mmpatunisie.com\/index.php\/centre-dusinage-hass-vm3\/#primaryimage","url":"https:\/\/mmpatunisie.com\/wp-content\/uploads\/2022\/04\/HASS-VM3-1.png","contentUrl":"https:\/\/mmpatunisie.com\/wp-content\/uploads\/2022\/04\/HASS-VM3-1.png","width":500,"height":375},{"@type":"BreadcrumbList","@id":"https:\/\/mmpatunisie.com\/index.php\/centre-dusinage-hass-vm3\/#breadcrumb","itemListElement":[{"@type":"ListItem","position":1,"name":"Accueil","item":"https:\/\/mmpatunisie.com\/"},{"@type":"ListItem","position":2,"name":"Centre d&rsquo;usinage HASS VM3"}]},{"@type":"WebSite","@id":"https:\/\/mmpatunisie.com\/#website","url":"https:\/\/mmpatunisie.com\/","name":"MMPA","description":"MOULE ET MECANIQUE DE PRECISION ASSOCIES","publisher":{"@id":"https:\/\/mmpatunisie.com\/#organization"},"potentialAction":[{"@type":"SearchAction","target":{"@type":"EntryPoint","urlTemplate":"https:\/\/mmpatunisie.com\/?s={search_term_string}"},"query-input":{"@type":"PropertyValueSpecification","valueRequired":true,"valueName":"search_term_string"}}],"inLanguage":"fr-FR"},{"@type":"Organization","@id":"https:\/\/mmpatunisie.com\/#organization","name":"MMPA","url":"https:\/\/mmpatunisie.com\/","logo":{"@type":"ImageObject","inLanguage":"fr-FR","@id":"https:\/\/mmpatunisie.com\/#\/schema\/logo\/image\/","url":"https:\/\/mmpatunisie.com\/wp-content\/uploads\/2022\/02\/logo.png","contentUrl":"https:\/\/mmpatunisie.com\/wp-content\/uploads\/2022\/02\/logo.png","width":611,"height":263,"caption":"MMPA"},"image":{"@id":"https:\/\/mmpatunisie.com\/#\/schema\/logo\/image\/"}}]}},"uagb_featured_image_src":{"full":false,"thumbnail":false,"medium":false,"medium_large":false,"large":false,"1536x1536":false,"2048x2048":false},"uagb_author_info":{"display_name":"mmpatunisiecom","author_link":"https:\/\/mmpatunisie.com\/index.php\/author\/mmpatunisiecom\/"},"uagb_comment_info":0,"uagb_excerpt":"Centre d&rsquo;usinage HASS VM3 Les machines Haas de s\u00e9rie VM sont des CUV hautes performances qui offrent la pr\u00e9cision, la rigidit\u00e9 et la stabilit\u00e9 thermique requises pour la fabrication de moules, la r\u00e9alisation d\u2019outils et matrices et les t\u00e2ches inh\u00e9rentes \u00e0 d\u2019autres industries de haute pr\u00e9cision. Chaque machine dispose d\u2019un cube \u00e0 usiner g\u00e9n\u00e9reux, d\u2019une\u2026","_links":{"self":[{"href":"https:\/\/mmpatunisie.com\/index.php\/wp-json\/wp\/v2\/pages\/175","targetHints":{"allow":["GET"]}}],"collection":[{"href":"https:\/\/mmpatunisie.com\/index.php\/wp-json\/wp\/v2\/pages"}],"about":[{"href":"https:\/\/mmpatunisie.com\/index.php\/wp-json\/wp\/v2\/types\/page"}],"author":[{"embeddable":true,"href":"https:\/\/mmpatunisie.com\/index.php\/wp-json\/wp\/v2\/users\/1"}],"replies":[{"embeddable":true,"href":"https:\/\/mmpatunisie.com\/index.php\/wp-json\/wp\/v2\/comments?post=175"}],"version-history":[{"count":5,"href":"https:\/\/mmpatunisie.com\/index.php\/wp-json\/wp\/v2\/pages\/175\/revisions"}],"predecessor-version":[{"id":255,"href":"https:\/\/mmpatunisie.com\/index.php\/wp-json\/wp\/v2\/pages\/175\/revisions\/255"}],"wp:attachment":[{"href":"https:\/\/mmpatunisie.com\/index.php\/wp-json\/wp\/v2\/media?parent=175"}],"curies":[{"name":"wp","href":"https:\/\/api.w.org\/{rel}","templated":true}]}}