{"id":51,"date":"2022-02-18T17:04:46","date_gmt":"2022-02-18T17:04:46","guid":{"rendered":"https:\/\/mmpatunisie.com\/?page_id=51"},"modified":"2022-05-20T09:01:31","modified_gmt":"2022-05-20T09:01:31","slug":"presentation-2","status":"publish","type":"page","link":"https:\/\/mmpatunisie.com\/index.php\/presentation-2\/","title":{"rendered":"PRESENTATION"},"content":{"rendered":"\n<p class=\"has-medium-font-size\" style=\"font-style:normal;font-weight:400\"><strong>MMPA <\/strong>a \u00e9t\u00e9 cr\u00e9\u00e9e gr\u00e2ce \u00e0 la collaboration d\u2019ing\u00e9nieurs et gestionnaires hautement qualifi\u00e9s, qui poss\u00e8dent collectivement plus de dix ans d\u2019exp\u00e9rience dans diff\u00e9rents secteurs d\u2019activit\u00e9 d\u2019ing\u00e9nierie tel que l\u2019industrie a\u00e9rospatiale et l\u2019industrie automobile o\u00f9 les exigences de la norme internationale de gestion et de qualit\u00e9 sont respect\u00e9es.<br>Nous travaillons dans diff\u00e9rents secteurs \u00e9conomiques tels que l\u2019automobile, l\u2019\u00e9lectrom\u00e9nager, l\u2019industrie m\u00e9dicale, et l\u2019\u00e9lectronique, entre autres.<br>Grace \u00e0 une \u00e9quipe sp\u00e9cialiste hautement qualifi\u00e9e issue de divers horizons, nous garantissons des offres concurrentielles et un service complet, effectu\u00e9 et accompagn\u00e9 par des techniciens exp\u00e9riment\u00e9s en assurant la conception, la fabrication, l\u2019inspection, les essais, les pr\u00e9s\u00e9ries, l\u2019exportation et le suivi client. Et ce depuis le contact initial avec le client.<br>MMPA est dot\u00e9e d\u2019un laboratoire de contr\u00f4le qualit\u00e9 \u00e9quip\u00e9 des instruments de contr\u00f4le dimensionnelle offrant ainsi aux clients une garantie qualitative prouv\u00e9e.<br>Actuellement, \u00ab MMPA \u00bb s\u2019engage \u00e0 \u00eatre certifi\u00e9e conform\u00e9ment \u00e0 la norme ISO 9001 :2015 garantissant ainsi une organisation, une optimisation, une tra\u00e7abilit\u00e9 et une qualit\u00e9 de production.<br>En mettant l\u2019accent sur une strat\u00e9gie d\u2019am\u00e9lioration continue, la cl\u00e9 du succ\u00e8s repose sur l\u2018innovation croissante, soutenue par une \u00e9quipe dont l\u2019acheminement du travail, la motivation et la mise \u00e0 jour du savoir-faire sont accomplis par des r\u00e9unions hebdomadaires de brainstorming afin de servir nos clients de la mani\u00e8re la plus efficace, la plus pr\u00e9cise et la plus rentable.<br>Nous avons un parc industriel moderne, constitu\u00e9 de plusieurs types d\u2019\u00e9quipements pour les op\u00e9rations d\u2019usinage, d\u2019\u00e9lectro\u00e9rosion, de per\u00e7age, de rectification et de contr\u00f4le dimensionnel.<\/p>\n","protected":false},"excerpt":{"rendered":"<p>MMPA a \u00e9t\u00e9 cr\u00e9\u00e9e gr\u00e2ce \u00e0 la collaboration d\u2019ing\u00e9nieurs et gestionnaires hautement qualifi\u00e9s, qui poss\u00e8dent collectivement plus de dix ans d\u2019exp\u00e9rience dans diff\u00e9rents secteurs d\u2019activit\u00e9 d\u2019ing\u00e9nierie tel que l\u2019industrie a\u00e9rospatiale et l\u2019industrie automobile o\u00f9 les exigences de la norme internationale de gestion et de qualit\u00e9 sont respect\u00e9es.Nous travaillons dans diff\u00e9rents secteurs \u00e9conomiques tels que l\u2019automobile, [&hellip;]<\/p>\n","protected":false},"author":1,"featured_media":0,"parent":0,"menu_order":0,"comment_status":"closed","ping_status":"closed","template":"templates\/template-page-full-width.php","meta":{"_uag_custom_page_level_css":"","_monsterinsights_skip_tracking":false,"_monsterinsights_sitenote_active":false,"_monsterinsights_sitenote_note":"","_monsterinsights_sitenote_category":0,"ngg_post_thumbnail":0,"footnotes":""},"class_list":["post-51","page","type-page","status-publish","hentry"],"yoast_head":"<!-- This site is optimized with the Yoast SEO plugin v26.6 - https:\/\/yoast.com\/wordpress\/plugins\/seo\/ -->\n<title>PRESENTATION - MMPA<\/title>\n<meta name=\"robots\" content=\"index, follow, max-snippet:-1, max-image-preview:large, max-video-preview:-1\" \/>\n<link rel=\"canonical\" href=\"https:\/\/mmpatunisie.com\/index.php\/presentation-2\/\" \/>\n<meta property=\"og:locale\" content=\"fr_FR\" \/>\n<meta property=\"og:type\" content=\"article\" \/>\n<meta property=\"og:title\" content=\"PRESENTATION - MMPA\" \/>\n<meta property=\"og:description\" content=\"MMPA a \u00e9t\u00e9 cr\u00e9\u00e9e gr\u00e2ce \u00e0 la collaboration d\u2019ing\u00e9nieurs et gestionnaires hautement qualifi\u00e9s, qui poss\u00e8dent collectivement plus de dix ans d\u2019exp\u00e9rience dans diff\u00e9rents secteurs d\u2019activit\u00e9 d\u2019ing\u00e9nierie tel que l\u2019industrie a\u00e9rospatiale et l\u2019industrie automobile o\u00f9 les exigences de la norme internationale de gestion et de qualit\u00e9 sont respect\u00e9es.Nous travaillons dans diff\u00e9rents secteurs \u00e9conomiques tels que l\u2019automobile, [&hellip;]\" \/>\n<meta property=\"og:url\" content=\"https:\/\/mmpatunisie.com\/index.php\/presentation-2\/\" \/>\n<meta property=\"og:site_name\" content=\"MMPA\" \/>\n<meta property=\"article:modified_time\" content=\"2022-05-20T09:01:31+00:00\" \/>\n<meta name=\"twitter:card\" content=\"summary_large_image\" \/>\n<meta name=\"twitter:label1\" content=\"Dur\u00e9e de lecture estim\u00e9e\" \/>\n\t<meta name=\"twitter:data1\" content=\"2 minutes\" \/>\n<script type=\"application\/ld+json\" class=\"yoast-schema-graph\">{\"@context\":\"https:\/\/schema.org\",\"@graph\":[{\"@type\":\"WebPage\",\"@id\":\"https:\/\/mmpatunisie.com\/index.php\/presentation-2\/\",\"url\":\"https:\/\/mmpatunisie.com\/index.php\/presentation-2\/\",\"name\":\"PRESENTATION - MMPA\",\"isPartOf\":{\"@id\":\"https:\/\/mmpatunisie.com\/#website\"},\"datePublished\":\"2022-02-18T17:04:46+00:00\",\"dateModified\":\"2022-05-20T09:01:31+00:00\",\"breadcrumb\":{\"@id\":\"https:\/\/mmpatunisie.com\/index.php\/presentation-2\/#breadcrumb\"},\"inLanguage\":\"fr-FR\",\"potentialAction\":[{\"@type\":\"ReadAction\",\"target\":[\"https:\/\/mmpatunisie.com\/index.php\/presentation-2\/\"]}]},{\"@type\":\"BreadcrumbList\",\"@id\":\"https:\/\/mmpatunisie.com\/index.php\/presentation-2\/#breadcrumb\",\"itemListElement\":[{\"@type\":\"ListItem\",\"position\":1,\"name\":\"Accueil\",\"item\":\"https:\/\/mmpatunisie.com\/\"},{\"@type\":\"ListItem\",\"position\":2,\"name\":\"PRESENTATION\"}]},{\"@type\":\"WebSite\",\"@id\":\"https:\/\/mmpatunisie.com\/#website\",\"url\":\"https:\/\/mmpatunisie.com\/\",\"name\":\"MMPA\",\"description\":\"MOULE ET MECANIQUE DE PRECISION ASSOCIES\",\"publisher\":{\"@id\":\"https:\/\/mmpatunisie.com\/#organization\"},\"potentialAction\":[{\"@type\":\"SearchAction\",\"target\":{\"@type\":\"EntryPoint\",\"urlTemplate\":\"https:\/\/mmpatunisie.com\/?s={search_term_string}\"},\"query-input\":{\"@type\":\"PropertyValueSpecification\",\"valueRequired\":true,\"valueName\":\"search_term_string\"}}],\"inLanguage\":\"fr-FR\"},{\"@type\":\"Organization\",\"@id\":\"https:\/\/mmpatunisie.com\/#organization\",\"name\":\"MMPA\",\"url\":\"https:\/\/mmpatunisie.com\/\",\"logo\":{\"@type\":\"ImageObject\",\"inLanguage\":\"fr-FR\",\"@id\":\"https:\/\/mmpatunisie.com\/#\/schema\/logo\/image\/\",\"url\":\"https:\/\/mmpatunisie.com\/wp-content\/uploads\/2022\/02\/logo.png\",\"contentUrl\":\"https:\/\/mmpatunisie.com\/wp-content\/uploads\/2022\/02\/logo.png\",\"width\":611,\"height\":263,\"caption\":\"MMPA\"},\"image\":{\"@id\":\"https:\/\/mmpatunisie.com\/#\/schema\/logo\/image\/\"}}]}<\/script>\n<!-- \/ Yoast SEO plugin. -->","yoast_head_json":{"title":"PRESENTATION - MMPA","robots":{"index":"index","follow":"follow","max-snippet":"max-snippet:-1","max-image-preview":"max-image-preview:large","max-video-preview":"max-video-preview:-1"},"canonical":"https:\/\/mmpatunisie.com\/index.php\/presentation-2\/","og_locale":"fr_FR","og_type":"article","og_title":"PRESENTATION - MMPA","og_description":"MMPA a \u00e9t\u00e9 cr\u00e9\u00e9e gr\u00e2ce \u00e0 la collaboration d\u2019ing\u00e9nieurs et gestionnaires hautement qualifi\u00e9s, qui poss\u00e8dent collectivement plus de dix ans d\u2019exp\u00e9rience dans diff\u00e9rents secteurs d\u2019activit\u00e9 d\u2019ing\u00e9nierie tel que l\u2019industrie a\u00e9rospatiale et l\u2019industrie automobile o\u00f9 les exigences de la norme internationale de gestion et de qualit\u00e9 sont respect\u00e9es.Nous travaillons dans diff\u00e9rents secteurs \u00e9conomiques tels que l\u2019automobile, [&hellip;]","og_url":"https:\/\/mmpatunisie.com\/index.php\/presentation-2\/","og_site_name":"MMPA","article_modified_time":"2022-05-20T09:01:31+00:00","twitter_card":"summary_large_image","twitter_misc":{"Dur\u00e9e de lecture estim\u00e9e":"2 minutes"},"schema":{"@context":"https:\/\/schema.org","@graph":[{"@type":"WebPage","@id":"https:\/\/mmpatunisie.com\/index.php\/presentation-2\/","url":"https:\/\/mmpatunisie.com\/index.php\/presentation-2\/","name":"PRESENTATION - MMPA","isPartOf":{"@id":"https:\/\/mmpatunisie.com\/#website"},"datePublished":"2022-02-18T17:04:46+00:00","dateModified":"2022-05-20T09:01:31+00:00","breadcrumb":{"@id":"https:\/\/mmpatunisie.com\/index.php\/presentation-2\/#breadcrumb"},"inLanguage":"fr-FR","potentialAction":[{"@type":"ReadAction","target":["https:\/\/mmpatunisie.com\/index.php\/presentation-2\/"]}]},{"@type":"BreadcrumbList","@id":"https:\/\/mmpatunisie.com\/index.php\/presentation-2\/#breadcrumb","itemListElement":[{"@type":"ListItem","position":1,"name":"Accueil","item":"https:\/\/mmpatunisie.com\/"},{"@type":"ListItem","position":2,"name":"PRESENTATION"}]},{"@type":"WebSite","@id":"https:\/\/mmpatunisie.com\/#website","url":"https:\/\/mmpatunisie.com\/","name":"MMPA","description":"MOULE ET MECANIQUE DE PRECISION ASSOCIES","publisher":{"@id":"https:\/\/mmpatunisie.com\/#organization"},"potentialAction":[{"@type":"SearchAction","target":{"@type":"EntryPoint","urlTemplate":"https:\/\/mmpatunisie.com\/?s={search_term_string}"},"query-input":{"@type":"PropertyValueSpecification","valueRequired":true,"valueName":"search_term_string"}}],"inLanguage":"fr-FR"},{"@type":"Organization","@id":"https:\/\/mmpatunisie.com\/#organization","name":"MMPA","url":"https:\/\/mmpatunisie.com\/","logo":{"@type":"ImageObject","inLanguage":"fr-FR","@id":"https:\/\/mmpatunisie.com\/#\/schema\/logo\/image\/","url":"https:\/\/mmpatunisie.com\/wp-content\/uploads\/2022\/02\/logo.png","contentUrl":"https:\/\/mmpatunisie.com\/wp-content\/uploads\/2022\/02\/logo.png","width":611,"height":263,"caption":"MMPA"},"image":{"@id":"https:\/\/mmpatunisie.com\/#\/schema\/logo\/image\/"}}]}},"uagb_featured_image_src":{"full":false,"thumbnail":false,"medium":false,"medium_large":false,"large":false,"1536x1536":false,"2048x2048":false},"uagb_author_info":{"display_name":"mmpatunisiecom","author_link":"https:\/\/mmpatunisie.com\/index.php\/author\/mmpatunisiecom\/"},"uagb_comment_info":0,"uagb_excerpt":"MMPA a \u00e9t\u00e9 cr\u00e9\u00e9e gr\u00e2ce \u00e0 la collaboration d\u2019ing\u00e9nieurs et gestionnaires hautement qualifi\u00e9s, qui poss\u00e8dent collectivement plus de dix ans d\u2019exp\u00e9rience dans diff\u00e9rents secteurs d\u2019activit\u00e9 d\u2019ing\u00e9nierie tel que l\u2019industrie a\u00e9rospatiale et l\u2019industrie automobile o\u00f9 les exigences de la norme internationale de gestion et de qualit\u00e9 sont respect\u00e9es.Nous travaillons dans diff\u00e9rents secteurs \u00e9conomiques tels que l\u2019automobile,\u2026","_links":{"self":[{"href":"https:\/\/mmpatunisie.com\/index.php\/wp-json\/wp\/v2\/pages\/51","targetHints":{"allow":["GET"]}}],"collection":[{"href":"https:\/\/mmpatunisie.com\/index.php\/wp-json\/wp\/v2\/pages"}],"about":[{"href":"https:\/\/mmpatunisie.com\/index.php\/wp-json\/wp\/v2\/types\/page"}],"author":[{"embeddable":true,"href":"https:\/\/mmpatunisie.com\/index.php\/wp-json\/wp\/v2\/users\/1"}],"replies":[{"embeddable":true,"href":"https:\/\/mmpatunisie.com\/index.php\/wp-json\/wp\/v2\/comments?post=51"}],"version-history":[{"count":4,"href":"https:\/\/mmpatunisie.com\/index.php\/wp-json\/wp\/v2\/pages\/51\/revisions"}],"predecessor-version":[{"id":160,"href":"https:\/\/mmpatunisie.com\/index.php\/wp-json\/wp\/v2\/pages\/51\/revisions\/160"}],"wp:attachment":[{"href":"https:\/\/mmpatunisie.com\/index.php\/wp-json\/wp\/v2\/media?parent=51"}],"curies":[{"name":"wp","href":"https:\/\/api.w.org\/{rel}","templated":true}]}}