{"id":59,"date":"2022-02-18T17:07:31","date_gmt":"2022-02-18T17:07:31","guid":{"rendered":"https:\/\/mmpatunisie.com\/?page_id=59"},"modified":"2023-02-13T20:49:25","modified_gmt":"2023-02-13T20:49:25","slug":"qualite","status":"publish","type":"page","link":"https:\/\/mmpatunisie.com\/index.php\/qualite\/","title":{"rendered":"QUALITE"},"content":{"rendered":"\n<div class=\"wp-block-group\"><div class=\"wp-block-group__inner-container is-layout-constrained wp-block-group-is-layout-constrained\">\n<p class=\"has-large-font-size\"><strong>QUALITE ET CERTIFICATION ISO 9001<\/strong><\/p>\n\n\n\n<figure class=\"wp-block-image size-full is-resized\"><img loading=\"lazy\" decoding=\"async\" src=\"http:\/\/mmpatunisie.com\/wp-content\/uploads\/2023\/01\/Logo-ISO-9001.jpg\" alt=\"ISO 9001\" class=\"wp-image-209\" width=\"200\" height=\"111\" srcset=\"https:\/\/mmpatunisie.com\/wp-content\/uploads\/2023\/01\/Logo-ISO-9001.jpg 800w, https:\/\/mmpatunisie.com\/wp-content\/uploads\/2023\/01\/Logo-ISO-9001-300x167.jpg 300w, https:\/\/mmpatunisie.com\/wp-content\/uploads\/2023\/01\/Logo-ISO-9001-768x426.jpg 768w\" sizes=\"auto, (max-width: 200px) 100vw, 200px\" \/><\/figure>\n\n\n\n<p class=\"has-medium-font-size\">Nous sommes engag\u00e9s dans une d\u00e9marche qualit\u00e9 visant la satisfaction de nos clients et l&rsquo;am\u00e9lioration continue de nos prestations de services.<\/p>\n<\/div><\/div>\n\n\n\n<p class=\"has-medium-font-size\">Notre strat\u00e9gie s&rsquo;articule sur les orientations suivantes :<\/p>\n\n\n\n<ul class=\"wp-block-list\">\n<li>Une meilleure productivit\u00e9 garantissant un service de qualit\u00e9 et dans les meilleurs d\u00e9lais<\/li>\n\n\n\n<li>Une \u00e9quipe comp\u00e9tente et performante visant l&rsquo;innovation et l&rsquo;excellence <\/li>\n\n\n\n<li>Un meilleur positionnement \u00e0 l&rsquo;international en garantissant le respect des normes et des exigences<\/li>\n<\/ul>\n\n\n\n<p class=\"has-medium-font-size\">Notre d\u00e9marche de mise en place de l&rsquo;ISO 9001 : 2015 nous permettrons d&rsquo;atteindre notre strat\u00e9gie et l&rsquo;am\u00e9lioration continue de nos m\u00e9thodes de travail et la qualit\u00e9 de nos services.<\/p>\n","protected":false},"excerpt":{"rendered":"<p>QUALITE ET CERTIFICATION ISO 9001 Nous sommes engag\u00e9s dans une d\u00e9marche qualit\u00e9 visant la satisfaction de nos clients et l&rsquo;am\u00e9lioration continue de nos prestations de services. Notre strat\u00e9gie s&rsquo;articule sur les orientations suivantes : Notre d\u00e9marche de mise en place de l&rsquo;ISO 9001 : 2015 nous permettrons d&rsquo;atteindre notre strat\u00e9gie et l&rsquo;am\u00e9lioration continue de nos [&hellip;]<\/p>\n","protected":false},"author":1,"featured_media":0,"parent":0,"menu_order":0,"comment_status":"closed","ping_status":"closed","template":"templates\/template-page-full-width.php","meta":{"_uag_custom_page_level_css":"","_monsterinsights_skip_tracking":false,"_monsterinsights_sitenote_active":false,"_monsterinsights_sitenote_note":"","_monsterinsights_sitenote_category":0,"ngg_post_thumbnail":0,"footnotes":""},"class_list":["post-59","page","type-page","status-publish","hentry"],"yoast_head":"<!-- This site is optimized with the Yoast SEO plugin v26.6 - https:\/\/yoast.com\/wordpress\/plugins\/seo\/ -->\n<title>QUALITE - MMPA<\/title>\n<meta name=\"robots\" content=\"index, follow, max-snippet:-1, max-image-preview:large, max-video-preview:-1\" \/>\n<link rel=\"canonical\" href=\"https:\/\/mmpatunisie.com\/index.php\/qualite\/\" \/>\n<meta property=\"og:locale\" content=\"fr_FR\" \/>\n<meta property=\"og:type\" content=\"article\" \/>\n<meta property=\"og:title\" content=\"QUALITE - MMPA\" \/>\n<meta property=\"og:description\" content=\"QUALITE ET CERTIFICATION ISO 9001 Nous sommes engag\u00e9s dans une d\u00e9marche qualit\u00e9 visant la satisfaction de nos clients et l&rsquo;am\u00e9lioration continue de nos prestations de services. Notre strat\u00e9gie s&rsquo;articule sur les orientations suivantes : Notre d\u00e9marche de mise en place de l&rsquo;ISO 9001 : 2015 nous permettrons d&rsquo;atteindre notre strat\u00e9gie et l&rsquo;am\u00e9lioration continue de nos [&hellip;]\" \/>\n<meta property=\"og:url\" content=\"https:\/\/mmpatunisie.com\/index.php\/qualite\/\" \/>\n<meta property=\"og:site_name\" content=\"MMPA\" \/>\n<meta property=\"article:modified_time\" content=\"2023-02-13T20:49:25+00:00\" \/>\n<meta property=\"og:image\" content=\"http:\/\/mmpatunisie.com\/wp-content\/uploads\/2023\/01\/Logo-ISO-9001.jpg\" \/>\n<meta name=\"twitter:card\" content=\"summary_large_image\" \/>\n<meta name=\"twitter:label1\" content=\"Dur\u00e9e de lecture estim\u00e9e\" \/>\n\t<meta name=\"twitter:data1\" content=\"1 minute\" \/>\n<script type=\"application\/ld+json\" class=\"yoast-schema-graph\">{\"@context\":\"https:\/\/schema.org\",\"@graph\":[{\"@type\":\"WebPage\",\"@id\":\"https:\/\/mmpatunisie.com\/index.php\/qualite\/\",\"url\":\"https:\/\/mmpatunisie.com\/index.php\/qualite\/\",\"name\":\"QUALITE - MMPA\",\"isPartOf\":{\"@id\":\"https:\/\/mmpatunisie.com\/#website\"},\"primaryImageOfPage\":{\"@id\":\"https:\/\/mmpatunisie.com\/index.php\/qualite\/#primaryimage\"},\"image\":{\"@id\":\"https:\/\/mmpatunisie.com\/index.php\/qualite\/#primaryimage\"},\"thumbnailUrl\":\"http:\/\/mmpatunisie.com\/wp-content\/uploads\/2023\/01\/Logo-ISO-9001.jpg\",\"datePublished\":\"2022-02-18T17:07:31+00:00\",\"dateModified\":\"2023-02-13T20:49:25+00:00\",\"breadcrumb\":{\"@id\":\"https:\/\/mmpatunisie.com\/index.php\/qualite\/#breadcrumb\"},\"inLanguage\":\"fr-FR\",\"potentialAction\":[{\"@type\":\"ReadAction\",\"target\":[\"https:\/\/mmpatunisie.com\/index.php\/qualite\/\"]}]},{\"@type\":\"ImageObject\",\"inLanguage\":\"fr-FR\",\"@id\":\"https:\/\/mmpatunisie.com\/index.php\/qualite\/#primaryimage\",\"url\":\"http:\/\/mmpatunisie.com\/wp-content\/uploads\/2023\/01\/Logo-ISO-9001.jpg\",\"contentUrl\":\"http:\/\/mmpatunisie.com\/wp-content\/uploads\/2023\/01\/Logo-ISO-9001.jpg\"},{\"@type\":\"BreadcrumbList\",\"@id\":\"https:\/\/mmpatunisie.com\/index.php\/qualite\/#breadcrumb\",\"itemListElement\":[{\"@type\":\"ListItem\",\"position\":1,\"name\":\"Accueil\",\"item\":\"https:\/\/mmpatunisie.com\/\"},{\"@type\":\"ListItem\",\"position\":2,\"name\":\"QUALITE\"}]},{\"@type\":\"WebSite\",\"@id\":\"https:\/\/mmpatunisie.com\/#website\",\"url\":\"https:\/\/mmpatunisie.com\/\",\"name\":\"MMPA\",\"description\":\"MOULE ET MECANIQUE DE PRECISION ASSOCIES\",\"publisher\":{\"@id\":\"https:\/\/mmpatunisie.com\/#organization\"},\"potentialAction\":[{\"@type\":\"SearchAction\",\"target\":{\"@type\":\"EntryPoint\",\"urlTemplate\":\"https:\/\/mmpatunisie.com\/?s={search_term_string}\"},\"query-input\":{\"@type\":\"PropertyValueSpecification\",\"valueRequired\":true,\"valueName\":\"search_term_string\"}}],\"inLanguage\":\"fr-FR\"},{\"@type\":\"Organization\",\"@id\":\"https:\/\/mmpatunisie.com\/#organization\",\"name\":\"MMPA\",\"url\":\"https:\/\/mmpatunisie.com\/\",\"logo\":{\"@type\":\"ImageObject\",\"inLanguage\":\"fr-FR\",\"@id\":\"https:\/\/mmpatunisie.com\/#\/schema\/logo\/image\/\",\"url\":\"https:\/\/mmpatunisie.com\/wp-content\/uploads\/2022\/02\/logo.png\",\"contentUrl\":\"https:\/\/mmpatunisie.com\/wp-content\/uploads\/2022\/02\/logo.png\",\"width\":611,\"height\":263,\"caption\":\"MMPA\"},\"image\":{\"@id\":\"https:\/\/mmpatunisie.com\/#\/schema\/logo\/image\/\"}}]}<\/script>\n<!-- \/ Yoast SEO plugin. -->","yoast_head_json":{"title":"QUALITE - MMPA","robots":{"index":"index","follow":"follow","max-snippet":"max-snippet:-1","max-image-preview":"max-image-preview:large","max-video-preview":"max-video-preview:-1"},"canonical":"https:\/\/mmpatunisie.com\/index.php\/qualite\/","og_locale":"fr_FR","og_type":"article","og_title":"QUALITE - MMPA","og_description":"QUALITE ET CERTIFICATION ISO 9001 Nous sommes engag\u00e9s dans une d\u00e9marche qualit\u00e9 visant la satisfaction de nos clients et l&rsquo;am\u00e9lioration continue de nos prestations de services. Notre strat\u00e9gie s&rsquo;articule sur les orientations suivantes : Notre d\u00e9marche de mise en place de l&rsquo;ISO 9001 : 2015 nous permettrons d&rsquo;atteindre notre strat\u00e9gie et l&rsquo;am\u00e9lioration continue de nos [&hellip;]","og_url":"https:\/\/mmpatunisie.com\/index.php\/qualite\/","og_site_name":"MMPA","article_modified_time":"2023-02-13T20:49:25+00:00","og_image":[{"url":"http:\/\/mmpatunisie.com\/wp-content\/uploads\/2023\/01\/Logo-ISO-9001.jpg","type":"","width":"","height":""}],"twitter_card":"summary_large_image","twitter_misc":{"Dur\u00e9e de lecture estim\u00e9e":"1 minute"},"schema":{"@context":"https:\/\/schema.org","@graph":[{"@type":"WebPage","@id":"https:\/\/mmpatunisie.com\/index.php\/qualite\/","url":"https:\/\/mmpatunisie.com\/index.php\/qualite\/","name":"QUALITE - MMPA","isPartOf":{"@id":"https:\/\/mmpatunisie.com\/#website"},"primaryImageOfPage":{"@id":"https:\/\/mmpatunisie.com\/index.php\/qualite\/#primaryimage"},"image":{"@id":"https:\/\/mmpatunisie.com\/index.php\/qualite\/#primaryimage"},"thumbnailUrl":"http:\/\/mmpatunisie.com\/wp-content\/uploads\/2023\/01\/Logo-ISO-9001.jpg","datePublished":"2022-02-18T17:07:31+00:00","dateModified":"2023-02-13T20:49:25+00:00","breadcrumb":{"@id":"https:\/\/mmpatunisie.com\/index.php\/qualite\/#breadcrumb"},"inLanguage":"fr-FR","potentialAction":[{"@type":"ReadAction","target":["https:\/\/mmpatunisie.com\/index.php\/qualite\/"]}]},{"@type":"ImageObject","inLanguage":"fr-FR","@id":"https:\/\/mmpatunisie.com\/index.php\/qualite\/#primaryimage","url":"http:\/\/mmpatunisie.com\/wp-content\/uploads\/2023\/01\/Logo-ISO-9001.jpg","contentUrl":"http:\/\/mmpatunisie.com\/wp-content\/uploads\/2023\/01\/Logo-ISO-9001.jpg"},{"@type":"BreadcrumbList","@id":"https:\/\/mmpatunisie.com\/index.php\/qualite\/#breadcrumb","itemListElement":[{"@type":"ListItem","position":1,"name":"Accueil","item":"https:\/\/mmpatunisie.com\/"},{"@type":"ListItem","position":2,"name":"QUALITE"}]},{"@type":"WebSite","@id":"https:\/\/mmpatunisie.com\/#website","url":"https:\/\/mmpatunisie.com\/","name":"MMPA","description":"MOULE ET MECANIQUE DE PRECISION ASSOCIES","publisher":{"@id":"https:\/\/mmpatunisie.com\/#organization"},"potentialAction":[{"@type":"SearchAction","target":{"@type":"EntryPoint","urlTemplate":"https:\/\/mmpatunisie.com\/?s={search_term_string}"},"query-input":{"@type":"PropertyValueSpecification","valueRequired":true,"valueName":"search_term_string"}}],"inLanguage":"fr-FR"},{"@type":"Organization","@id":"https:\/\/mmpatunisie.com\/#organization","name":"MMPA","url":"https:\/\/mmpatunisie.com\/","logo":{"@type":"ImageObject","inLanguage":"fr-FR","@id":"https:\/\/mmpatunisie.com\/#\/schema\/logo\/image\/","url":"https:\/\/mmpatunisie.com\/wp-content\/uploads\/2022\/02\/logo.png","contentUrl":"https:\/\/mmpatunisie.com\/wp-content\/uploads\/2022\/02\/logo.png","width":611,"height":263,"caption":"MMPA"},"image":{"@id":"https:\/\/mmpatunisie.com\/#\/schema\/logo\/image\/"}}]}},"uagb_featured_image_src":{"full":false,"thumbnail":false,"medium":false,"medium_large":false,"large":false,"1536x1536":false,"2048x2048":false},"uagb_author_info":{"display_name":"mmpatunisiecom","author_link":"https:\/\/mmpatunisie.com\/index.php\/author\/mmpatunisiecom\/"},"uagb_comment_info":0,"uagb_excerpt":"QUALITE ET CERTIFICATION ISO 9001 Nous sommes engag\u00e9s dans une d\u00e9marche qualit\u00e9 visant la satisfaction de nos clients et l&rsquo;am\u00e9lioration continue de nos prestations de services. Notre strat\u00e9gie s&rsquo;articule sur les orientations suivantes : Notre d\u00e9marche de mise en place de l&rsquo;ISO 9001 : 2015 nous permettrons d&rsquo;atteindre notre strat\u00e9gie et l&rsquo;am\u00e9lioration continue de nos\u2026","_links":{"self":[{"href":"https:\/\/mmpatunisie.com\/index.php\/wp-json\/wp\/v2\/pages\/59","targetHints":{"allow":["GET"]}}],"collection":[{"href":"https:\/\/mmpatunisie.com\/index.php\/wp-json\/wp\/v2\/pages"}],"about":[{"href":"https:\/\/mmpatunisie.com\/index.php\/wp-json\/wp\/v2\/types\/page"}],"author":[{"embeddable":true,"href":"https:\/\/mmpatunisie.com\/index.php\/wp-json\/wp\/v2\/users\/1"}],"replies":[{"embeddable":true,"href":"https:\/\/mmpatunisie.com\/index.php\/wp-json\/wp\/v2\/comments?post=59"}],"version-history":[{"count":6,"href":"https:\/\/mmpatunisie.com\/index.php\/wp-json\/wp\/v2\/pages\/59\/revisions"}],"predecessor-version":[{"id":220,"href":"https:\/\/mmpatunisie.com\/index.php\/wp-json\/wp\/v2\/pages\/59\/revisions\/220"}],"wp:attachment":[{"href":"https:\/\/mmpatunisie.com\/index.php\/wp-json\/wp\/v2\/media?parent=59"}],"curies":[{"name":"wp","href":"https:\/\/api.w.org\/{rel}","templated":true}]}}