{"id":86,"date":"2022-04-14T16:14:53","date_gmt":"2022-04-14T16:14:53","guid":{"rendered":"https:\/\/mmpatunisie.com\/?page_id=86"},"modified":"2022-05-08T18:07:38","modified_gmt":"2022-05-08T18:07:38","slug":"fraisage-cnc","status":"publish","type":"page","link":"https:\/\/mmpatunisie.com\/index.php\/fraisage-cnc\/","title":{"rendered":"FRAISAGE CNC"},"content":{"rendered":"\n<p style=\"font-size:24px\">Chez MMPA, nous utilisons les derni\u00e8res technologies d\u2019usinage et nous fournissons des services de fraisage assist\u00e9s par ordinateur<br>Nos centres d\u2019usinage performants proviennent d\u2019un fabriquant bien renomm\u00e9 \u00ab HAAS \u00bb<br>Ces machines ont une gamme de tailles qui nous permettront de proposer le fraisage de plus de 1 m de longueur x 660 mm de largeur.<br>Cela nous donne une grande flexibilit\u00e9 pour r\u00e9pondre au besoin client de mani\u00e8re efficace et \u00e9conomique.<\/p>\n","protected":false},"excerpt":{"rendered":"<p>Chez MMPA, nous utilisons les derni\u00e8res technologies d\u2019usinage et nous fournissons des services de fraisage assist\u00e9s par ordinateurNos centres d\u2019usinage performants proviennent d\u2019un fabriquant bien renomm\u00e9 \u00ab HAAS \u00bbCes machines ont une gamme de tailles qui nous permettront de proposer le fraisage de plus de 1 m de longueur x 660 mm de largeur.Cela nous [&hellip;]<\/p>\n","protected":false},"author":1,"featured_media":0,"parent":0,"menu_order":0,"comment_status":"closed","ping_status":"closed","template":"","meta":{"_uag_custom_page_level_css":"","_monsterinsights_skip_tracking":false,"_monsterinsights_sitenote_active":false,"_monsterinsights_sitenote_note":"","_monsterinsights_sitenote_category":0,"ngg_post_thumbnail":0,"footnotes":""},"class_list":["post-86","page","type-page","status-publish","hentry"],"yoast_head":"<!-- This site is optimized with the Yoast SEO plugin v26.6 - https:\/\/yoast.com\/wordpress\/plugins\/seo\/ -->\n<title>FRAISAGE CNC - MMPA<\/title>\n<meta name=\"robots\" content=\"index, follow, max-snippet:-1, max-image-preview:large, max-video-preview:-1\" \/>\n<link rel=\"canonical\" href=\"https:\/\/mmpatunisie.com\/index.php\/fraisage-cnc\/\" \/>\n<meta property=\"og:locale\" content=\"fr_FR\" \/>\n<meta property=\"og:type\" content=\"article\" \/>\n<meta property=\"og:title\" content=\"FRAISAGE CNC - MMPA\" \/>\n<meta property=\"og:description\" content=\"Chez MMPA, nous utilisons les derni\u00e8res technologies d\u2019usinage et nous fournissons des services de fraisage assist\u00e9s par ordinateurNos centres d\u2019usinage performants proviennent d\u2019un fabriquant bien renomm\u00e9 \u00ab HAAS \u00bbCes machines ont une gamme de tailles qui nous permettront de proposer le fraisage de plus de 1 m de longueur x 660 mm de largeur.Cela nous [&hellip;]\" \/>\n<meta property=\"og:url\" content=\"https:\/\/mmpatunisie.com\/index.php\/fraisage-cnc\/\" \/>\n<meta property=\"og:site_name\" content=\"MMPA\" \/>\n<meta property=\"article:modified_time\" content=\"2022-05-08T18:07:38+00:00\" \/>\n<meta name=\"twitter:card\" content=\"summary_large_image\" \/>\n<script type=\"application\/ld+json\" class=\"yoast-schema-graph\">{\"@context\":\"https:\/\/schema.org\",\"@graph\":[{\"@type\":\"WebPage\",\"@id\":\"https:\/\/mmpatunisie.com\/index.php\/fraisage-cnc\/\",\"url\":\"https:\/\/mmpatunisie.com\/index.php\/fraisage-cnc\/\",\"name\":\"FRAISAGE CNC - MMPA\",\"isPartOf\":{\"@id\":\"https:\/\/mmpatunisie.com\/#website\"},\"datePublished\":\"2022-04-14T16:14:53+00:00\",\"dateModified\":\"2022-05-08T18:07:38+00:00\",\"breadcrumb\":{\"@id\":\"https:\/\/mmpatunisie.com\/index.php\/fraisage-cnc\/#breadcrumb\"},\"inLanguage\":\"fr-FR\",\"potentialAction\":[{\"@type\":\"ReadAction\",\"target\":[\"https:\/\/mmpatunisie.com\/index.php\/fraisage-cnc\/\"]}]},{\"@type\":\"BreadcrumbList\",\"@id\":\"https:\/\/mmpatunisie.com\/index.php\/fraisage-cnc\/#breadcrumb\",\"itemListElement\":[{\"@type\":\"ListItem\",\"position\":1,\"name\":\"Accueil\",\"item\":\"https:\/\/mmpatunisie.com\/\"},{\"@type\":\"ListItem\",\"position\":2,\"name\":\"FRAISAGE CNC\"}]},{\"@type\":\"WebSite\",\"@id\":\"https:\/\/mmpatunisie.com\/#website\",\"url\":\"https:\/\/mmpatunisie.com\/\",\"name\":\"MMPA\",\"description\":\"MOULE ET MECANIQUE DE PRECISION ASSOCIES\",\"publisher\":{\"@id\":\"https:\/\/mmpatunisie.com\/#organization\"},\"potentialAction\":[{\"@type\":\"SearchAction\",\"target\":{\"@type\":\"EntryPoint\",\"urlTemplate\":\"https:\/\/mmpatunisie.com\/?s={search_term_string}\"},\"query-input\":{\"@type\":\"PropertyValueSpecification\",\"valueRequired\":true,\"valueName\":\"search_term_string\"}}],\"inLanguage\":\"fr-FR\"},{\"@type\":\"Organization\",\"@id\":\"https:\/\/mmpatunisie.com\/#organization\",\"name\":\"MMPA\",\"url\":\"https:\/\/mmpatunisie.com\/\",\"logo\":{\"@type\":\"ImageObject\",\"inLanguage\":\"fr-FR\",\"@id\":\"https:\/\/mmpatunisie.com\/#\/schema\/logo\/image\/\",\"url\":\"https:\/\/mmpatunisie.com\/wp-content\/uploads\/2022\/02\/logo.png\",\"contentUrl\":\"https:\/\/mmpatunisie.com\/wp-content\/uploads\/2022\/02\/logo.png\",\"width\":611,\"height\":263,\"caption\":\"MMPA\"},\"image\":{\"@id\":\"https:\/\/mmpatunisie.com\/#\/schema\/logo\/image\/\"}}]}<\/script>\n<!-- \/ Yoast SEO plugin. -->","yoast_head_json":{"title":"FRAISAGE CNC - MMPA","robots":{"index":"index","follow":"follow","max-snippet":"max-snippet:-1","max-image-preview":"max-image-preview:large","max-video-preview":"max-video-preview:-1"},"canonical":"https:\/\/mmpatunisie.com\/index.php\/fraisage-cnc\/","og_locale":"fr_FR","og_type":"article","og_title":"FRAISAGE CNC - MMPA","og_description":"Chez MMPA, nous utilisons les derni\u00e8res technologies d\u2019usinage et nous fournissons des services de fraisage assist\u00e9s par ordinateurNos centres d\u2019usinage performants proviennent d\u2019un fabriquant bien renomm\u00e9 \u00ab HAAS \u00bbCes machines ont une gamme de tailles qui nous permettront de proposer le fraisage de plus de 1 m de longueur x 660 mm de largeur.Cela nous [&hellip;]","og_url":"https:\/\/mmpatunisie.com\/index.php\/fraisage-cnc\/","og_site_name":"MMPA","article_modified_time":"2022-05-08T18:07:38+00:00","twitter_card":"summary_large_image","schema":{"@context":"https:\/\/schema.org","@graph":[{"@type":"WebPage","@id":"https:\/\/mmpatunisie.com\/index.php\/fraisage-cnc\/","url":"https:\/\/mmpatunisie.com\/index.php\/fraisage-cnc\/","name":"FRAISAGE CNC - MMPA","isPartOf":{"@id":"https:\/\/mmpatunisie.com\/#website"},"datePublished":"2022-04-14T16:14:53+00:00","dateModified":"2022-05-08T18:07:38+00:00","breadcrumb":{"@id":"https:\/\/mmpatunisie.com\/index.php\/fraisage-cnc\/#breadcrumb"},"inLanguage":"fr-FR","potentialAction":[{"@type":"ReadAction","target":["https:\/\/mmpatunisie.com\/index.php\/fraisage-cnc\/"]}]},{"@type":"BreadcrumbList","@id":"https:\/\/mmpatunisie.com\/index.php\/fraisage-cnc\/#breadcrumb","itemListElement":[{"@type":"ListItem","position":1,"name":"Accueil","item":"https:\/\/mmpatunisie.com\/"},{"@type":"ListItem","position":2,"name":"FRAISAGE CNC"}]},{"@type":"WebSite","@id":"https:\/\/mmpatunisie.com\/#website","url":"https:\/\/mmpatunisie.com\/","name":"MMPA","description":"MOULE ET MECANIQUE DE PRECISION ASSOCIES","publisher":{"@id":"https:\/\/mmpatunisie.com\/#organization"},"potentialAction":[{"@type":"SearchAction","target":{"@type":"EntryPoint","urlTemplate":"https:\/\/mmpatunisie.com\/?s={search_term_string}"},"query-input":{"@type":"PropertyValueSpecification","valueRequired":true,"valueName":"search_term_string"}}],"inLanguage":"fr-FR"},{"@type":"Organization","@id":"https:\/\/mmpatunisie.com\/#organization","name":"MMPA","url":"https:\/\/mmpatunisie.com\/","logo":{"@type":"ImageObject","inLanguage":"fr-FR","@id":"https:\/\/mmpatunisie.com\/#\/schema\/logo\/image\/","url":"https:\/\/mmpatunisie.com\/wp-content\/uploads\/2022\/02\/logo.png","contentUrl":"https:\/\/mmpatunisie.com\/wp-content\/uploads\/2022\/02\/logo.png","width":611,"height":263,"caption":"MMPA"},"image":{"@id":"https:\/\/mmpatunisie.com\/#\/schema\/logo\/image\/"}}]}},"uagb_featured_image_src":{"full":false,"thumbnail":false,"medium":false,"medium_large":false,"large":false,"1536x1536":false,"2048x2048":false},"uagb_author_info":{"display_name":"mmpatunisiecom","author_link":"https:\/\/mmpatunisie.com\/index.php\/author\/mmpatunisiecom\/"},"uagb_comment_info":0,"uagb_excerpt":"Chez MMPA, nous utilisons les derni\u00e8res technologies d\u2019usinage et nous fournissons des services de fraisage assist\u00e9s par ordinateurNos centres d\u2019usinage performants proviennent d\u2019un fabriquant bien renomm\u00e9 \u00ab HAAS \u00bbCes machines ont une gamme de tailles qui nous permettront de proposer le fraisage de plus de 1 m de longueur x 660 mm de largeur.Cela nous\u2026","_links":{"self":[{"href":"https:\/\/mmpatunisie.com\/index.php\/wp-json\/wp\/v2\/pages\/86","targetHints":{"allow":["GET"]}}],"collection":[{"href":"https:\/\/mmpatunisie.com\/index.php\/wp-json\/wp\/v2\/pages"}],"about":[{"href":"https:\/\/mmpatunisie.com\/index.php\/wp-json\/wp\/v2\/types\/page"}],"author":[{"embeddable":true,"href":"https:\/\/mmpatunisie.com\/index.php\/wp-json\/wp\/v2\/users\/1"}],"replies":[{"embeddable":true,"href":"https:\/\/mmpatunisie.com\/index.php\/wp-json\/wp\/v2\/comments?post=86"}],"version-history":[{"count":2,"href":"https:\/\/mmpatunisie.com\/index.php\/wp-json\/wp\/v2\/pages\/86\/revisions"}],"predecessor-version":[{"id":128,"href":"https:\/\/mmpatunisie.com\/index.php\/wp-json\/wp\/v2\/pages\/86\/revisions\/128"}],"wp:attachment":[{"href":"https:\/\/mmpatunisie.com\/index.php\/wp-json\/wp\/v2\/media?parent=86"}],"curies":[{"name":"wp","href":"https:\/\/api.w.org\/{rel}","templated":true}]}}