{"id":90,"date":"2022-04-14T16:16:09","date_gmt":"2022-04-14T16:16:09","guid":{"rendered":"https:\/\/mmpatunisie.com\/?page_id=90"},"modified":"2023-02-13T20:37:41","modified_gmt":"2023-02-13T20:37:41","slug":"assemblage-et-ajustage","status":"publish","type":"page","link":"https:\/\/mmpatunisie.com\/index.php\/assemblage-et-ajustage\/","title":{"rendered":"Assemblage et ajustage"},"content":{"rendered":"\n<p style=\"font-size:24px\">Chez MMPA, on assure une grande vari\u00e9t\u00e9 d\u2019assemblage ; Nous avons acquis des ann\u00e9es d\u2019exp\u00e9rience dans la production de produits assembl\u00e9s notamment :<\/p>\n\n\n\n<ul class=\"wp-block-list\">\n<li>les moules d\u2019injection plastiques,<\/li>\n\n\n\n<li>les moules en gravit\u00e9 pour aluminium ;<\/li>\n\n\n\n<li>les plaques mod\u00e8les pour moulage en sables de la fonte ;<\/li>\n\n\n\n<li>les moules thermoformage<\/li>\n\n\n\n<li>les machines sp\u00e9ciales avec solution \u00e9lectrique et pneumatique c\u00e2bl\u00e9e.<\/li>\n<\/ul>\n","protected":false},"excerpt":{"rendered":"<p>Chez MMPA, on assure une grande vari\u00e9t\u00e9 d\u2019assemblage ; Nous avons acquis des ann\u00e9es d\u2019exp\u00e9rience dans la production de produits assembl\u00e9s notamment :<\/p>\n","protected":false},"author":1,"featured_media":0,"parent":0,"menu_order":0,"comment_status":"closed","ping_status":"closed","template":"templates\/template-page-full-width.php","meta":{"_uag_custom_page_level_css":"","_monsterinsights_skip_tracking":false,"_monsterinsights_sitenote_active":false,"_monsterinsights_sitenote_note":"","_monsterinsights_sitenote_category":0,"ngg_post_thumbnail":0,"footnotes":""},"class_list":["post-90","page","type-page","status-publish","hentry"],"yoast_head":"<!-- This site is optimized with the Yoast SEO plugin v26.6 - https:\/\/yoast.com\/wordpress\/plugins\/seo\/ -->\n<title>Assemblage et ajustage - MMPA<\/title>\n<meta name=\"robots\" content=\"index, follow, max-snippet:-1, max-image-preview:large, max-video-preview:-1\" \/>\n<link rel=\"canonical\" href=\"https:\/\/mmpatunisie.com\/index.php\/assemblage-et-ajustage\/\" \/>\n<meta property=\"og:locale\" content=\"fr_FR\" \/>\n<meta property=\"og:type\" content=\"article\" \/>\n<meta property=\"og:title\" content=\"Assemblage et ajustage - MMPA\" \/>\n<meta property=\"og:description\" content=\"Chez MMPA, on assure une grande vari\u00e9t\u00e9 d\u2019assemblage ; Nous avons acquis des ann\u00e9es d\u2019exp\u00e9rience dans la production de produits assembl\u00e9s notamment :\" \/>\n<meta property=\"og:url\" content=\"https:\/\/mmpatunisie.com\/index.php\/assemblage-et-ajustage\/\" \/>\n<meta property=\"og:site_name\" content=\"MMPA\" \/>\n<meta property=\"article:modified_time\" content=\"2023-02-13T20:37:41+00:00\" \/>\n<meta name=\"twitter:card\" content=\"summary_large_image\" \/>\n<meta name=\"twitter:label1\" content=\"Dur\u00e9e de lecture estim\u00e9e\" \/>\n\t<meta name=\"twitter:data1\" content=\"1 minute\" \/>\n<script type=\"application\/ld+json\" class=\"yoast-schema-graph\">{\"@context\":\"https:\/\/schema.org\",\"@graph\":[{\"@type\":\"WebPage\",\"@id\":\"https:\/\/mmpatunisie.com\/index.php\/assemblage-et-ajustage\/\",\"url\":\"https:\/\/mmpatunisie.com\/index.php\/assemblage-et-ajustage\/\",\"name\":\"Assemblage et ajustage - MMPA\",\"isPartOf\":{\"@id\":\"https:\/\/mmpatunisie.com\/#website\"},\"datePublished\":\"2022-04-14T16:16:09+00:00\",\"dateModified\":\"2023-02-13T20:37:41+00:00\",\"breadcrumb\":{\"@id\":\"https:\/\/mmpatunisie.com\/index.php\/assemblage-et-ajustage\/#breadcrumb\"},\"inLanguage\":\"fr-FR\",\"potentialAction\":[{\"@type\":\"ReadAction\",\"target\":[\"https:\/\/mmpatunisie.com\/index.php\/assemblage-et-ajustage\/\"]}]},{\"@type\":\"BreadcrumbList\",\"@id\":\"https:\/\/mmpatunisie.com\/index.php\/assemblage-et-ajustage\/#breadcrumb\",\"itemListElement\":[{\"@type\":\"ListItem\",\"position\":1,\"name\":\"Accueil\",\"item\":\"https:\/\/mmpatunisie.com\/\"},{\"@type\":\"ListItem\",\"position\":2,\"name\":\"Assemblage et ajustage\"}]},{\"@type\":\"WebSite\",\"@id\":\"https:\/\/mmpatunisie.com\/#website\",\"url\":\"https:\/\/mmpatunisie.com\/\",\"name\":\"MMPA\",\"description\":\"MOULE ET MECANIQUE DE PRECISION ASSOCIES\",\"publisher\":{\"@id\":\"https:\/\/mmpatunisie.com\/#organization\"},\"potentialAction\":[{\"@type\":\"SearchAction\",\"target\":{\"@type\":\"EntryPoint\",\"urlTemplate\":\"https:\/\/mmpatunisie.com\/?s={search_term_string}\"},\"query-input\":{\"@type\":\"PropertyValueSpecification\",\"valueRequired\":true,\"valueName\":\"search_term_string\"}}],\"inLanguage\":\"fr-FR\"},{\"@type\":\"Organization\",\"@id\":\"https:\/\/mmpatunisie.com\/#organization\",\"name\":\"MMPA\",\"url\":\"https:\/\/mmpatunisie.com\/\",\"logo\":{\"@type\":\"ImageObject\",\"inLanguage\":\"fr-FR\",\"@id\":\"https:\/\/mmpatunisie.com\/#\/schema\/logo\/image\/\",\"url\":\"https:\/\/mmpatunisie.com\/wp-content\/uploads\/2022\/02\/logo.png\",\"contentUrl\":\"https:\/\/mmpatunisie.com\/wp-content\/uploads\/2022\/02\/logo.png\",\"width\":611,\"height\":263,\"caption\":\"MMPA\"},\"image\":{\"@id\":\"https:\/\/mmpatunisie.com\/#\/schema\/logo\/image\/\"}}]}<\/script>\n<!-- \/ Yoast SEO plugin. -->","yoast_head_json":{"title":"Assemblage et ajustage - MMPA","robots":{"index":"index","follow":"follow","max-snippet":"max-snippet:-1","max-image-preview":"max-image-preview:large","max-video-preview":"max-video-preview:-1"},"canonical":"https:\/\/mmpatunisie.com\/index.php\/assemblage-et-ajustage\/","og_locale":"fr_FR","og_type":"article","og_title":"Assemblage et ajustage - MMPA","og_description":"Chez MMPA, on assure une grande vari\u00e9t\u00e9 d\u2019assemblage ; Nous avons acquis des ann\u00e9es d\u2019exp\u00e9rience dans la production de produits assembl\u00e9s notamment :","og_url":"https:\/\/mmpatunisie.com\/index.php\/assemblage-et-ajustage\/","og_site_name":"MMPA","article_modified_time":"2023-02-13T20:37:41+00:00","twitter_card":"summary_large_image","twitter_misc":{"Dur\u00e9e de lecture estim\u00e9e":"1 minute"},"schema":{"@context":"https:\/\/schema.org","@graph":[{"@type":"WebPage","@id":"https:\/\/mmpatunisie.com\/index.php\/assemblage-et-ajustage\/","url":"https:\/\/mmpatunisie.com\/index.php\/assemblage-et-ajustage\/","name":"Assemblage et ajustage - MMPA","isPartOf":{"@id":"https:\/\/mmpatunisie.com\/#website"},"datePublished":"2022-04-14T16:16:09+00:00","dateModified":"2023-02-13T20:37:41+00:00","breadcrumb":{"@id":"https:\/\/mmpatunisie.com\/index.php\/assemblage-et-ajustage\/#breadcrumb"},"inLanguage":"fr-FR","potentialAction":[{"@type":"ReadAction","target":["https:\/\/mmpatunisie.com\/index.php\/assemblage-et-ajustage\/"]}]},{"@type":"BreadcrumbList","@id":"https:\/\/mmpatunisie.com\/index.php\/assemblage-et-ajustage\/#breadcrumb","itemListElement":[{"@type":"ListItem","position":1,"name":"Accueil","item":"https:\/\/mmpatunisie.com\/"},{"@type":"ListItem","position":2,"name":"Assemblage et ajustage"}]},{"@type":"WebSite","@id":"https:\/\/mmpatunisie.com\/#website","url":"https:\/\/mmpatunisie.com\/","name":"MMPA","description":"MOULE ET MECANIQUE DE PRECISION ASSOCIES","publisher":{"@id":"https:\/\/mmpatunisie.com\/#organization"},"potentialAction":[{"@type":"SearchAction","target":{"@type":"EntryPoint","urlTemplate":"https:\/\/mmpatunisie.com\/?s={search_term_string}"},"query-input":{"@type":"PropertyValueSpecification","valueRequired":true,"valueName":"search_term_string"}}],"inLanguage":"fr-FR"},{"@type":"Organization","@id":"https:\/\/mmpatunisie.com\/#organization","name":"MMPA","url":"https:\/\/mmpatunisie.com\/","logo":{"@type":"ImageObject","inLanguage":"fr-FR","@id":"https:\/\/mmpatunisie.com\/#\/schema\/logo\/image\/","url":"https:\/\/mmpatunisie.com\/wp-content\/uploads\/2022\/02\/logo.png","contentUrl":"https:\/\/mmpatunisie.com\/wp-content\/uploads\/2022\/02\/logo.png","width":611,"height":263,"caption":"MMPA"},"image":{"@id":"https:\/\/mmpatunisie.com\/#\/schema\/logo\/image\/"}}]}},"uagb_featured_image_src":{"full":false,"thumbnail":false,"medium":false,"medium_large":false,"large":false,"1536x1536":false,"2048x2048":false},"uagb_author_info":{"display_name":"mmpatunisiecom","author_link":"https:\/\/mmpatunisie.com\/index.php\/author\/mmpatunisiecom\/"},"uagb_comment_info":0,"uagb_excerpt":"Chez MMPA, on assure une grande vari\u00e9t\u00e9 d\u2019assemblage ; Nous avons acquis des ann\u00e9es d\u2019exp\u00e9rience dans la production de produits assembl\u00e9s notamment :","_links":{"self":[{"href":"https:\/\/mmpatunisie.com\/index.php\/wp-json\/wp\/v2\/pages\/90","targetHints":{"allow":["GET"]}}],"collection":[{"href":"https:\/\/mmpatunisie.com\/index.php\/wp-json\/wp\/v2\/pages"}],"about":[{"href":"https:\/\/mmpatunisie.com\/index.php\/wp-json\/wp\/v2\/types\/page"}],"author":[{"embeddable":true,"href":"https:\/\/mmpatunisie.com\/index.php\/wp-json\/wp\/v2\/users\/1"}],"replies":[{"embeddable":true,"href":"https:\/\/mmpatunisie.com\/index.php\/wp-json\/wp\/v2\/comments?post=90"}],"version-history":[{"count":3,"href":"https:\/\/mmpatunisie.com\/index.php\/wp-json\/wp\/v2\/pages\/90\/revisions"}],"predecessor-version":[{"id":252,"href":"https:\/\/mmpatunisie.com\/index.php\/wp-json\/wp\/v2\/pages\/90\/revisions\/252"}],"wp:attachment":[{"href":"https:\/\/mmpatunisie.com\/index.php\/wp-json\/wp\/v2\/media?parent=90"}],"curies":[{"name":"wp","href":"https:\/\/api.w.org\/{rel}","templated":true}]}}